{"id":455,"date":"2021-12-20T02:16:15","date_gmt":"2021-12-20T02:16:15","guid":{"rendered":"http:\/\/test.nahsushi.fr\/restaurants\/?post_type=product&#038;p=455"},"modified":"2023-06-15T13:27:30","modified_gmt":"2023-06-15T13:27:30","slug":"boeuf-aux-oignons-emince-riz","status":"publish","type":"product","link":"https:\/\/nahsushi.fr\/restos2\/produit\/boeuf-aux-oignons-emince-riz\/","title":{"rendered":"Boeuf aux Oignons \u00e9minc\u00e9s + Riz"},"content":{"rendered":"","protected":false},"excerpt":{"rendered":"<p>Boeuf aux Oignons Eminc\u00e9 + Riz<\/p>\n","protected":false},"featured_media":858,"template":"","meta":[],"product_brand":[],"product_cat":[77],"product_tag":[],"class_list":{"0":"post-455","1":"product","2":"type-product","3":"status-publish","4":"has-post-thumbnail","6":"product_cat-plats-chauds","8":"first","9":"instock","10":"shipping-taxable","11":"purchasable","12":"product-type-simple"},"yoast_head":"<!-- This site is optimized with the Yoast SEO plugin v27.3 - https:\/\/yoast.com\/product\/yoast-seo-wordpress\/ -->\n<title>Boeuf aux Oignons \u00e9minc\u00e9s + Riz - Nah Sushi<\/title>\n<meta name=\"robots\" content=\"index, follow, max-snippet:-1, max-image-preview:large, max-video-preview:-1\" \/>\n<link rel=\"canonical\" href=\"https:\/\/nahsushi.fr\/restos2\/produit\/boeuf-aux-oignons-emince-riz\/\" \/>\n<meta property=\"og:locale\" content=\"fr_FR\" \/>\n<meta property=\"og:type\" content=\"article\" \/>\n<meta property=\"og:title\" content=\"Boeuf aux Oignons \u00e9minc\u00e9s + Riz - Nah Sushi\" \/>\n<meta property=\"og:description\" content=\"Boeuf aux Oignons Eminc\u00e9 + Riz\" \/>\n<meta property=\"og:url\" content=\"https:\/\/nahsushi.fr\/restos2\/produit\/boeuf-aux-oignons-emince-riz\/\" \/>\n<meta property=\"og:site_name\" content=\"Nah Sushi\" \/>\n<meta property=\"article:modified_time\" content=\"2023-06-15T13:27:30+00:00\" \/>\n<meta property=\"og:image\" content=\"https:\/\/nahsushi.fr\/restos2\/wp-content\/uploads\/2022\/02\/Pla2-e1646092059310.png\" \/>\n\t<meta property=\"og:image:width\" content=\"720\" \/>\n\t<meta property=\"og:image:height\" content=\"720\" \/>\n\t<meta property=\"og:image:type\" content=\"image\/png\" \/>\n<meta name=\"twitter:card\" content=\"summary_large_image\" \/>\n<script type=\"application\/ld+json\" class=\"yoast-schema-graph\">{\"@context\":\"https:\\\/\\\/schema.org\",\"@graph\":[{\"@type\":\"WebPage\",\"@id\":\"https:\\\/\\\/nahsushi.fr\\\/restos2\\\/produit\\\/boeuf-aux-oignons-emince-riz\\\/\",\"url\":\"https:\\\/\\\/nahsushi.fr\\\/restos2\\\/produit\\\/boeuf-aux-oignons-emince-riz\\\/\",\"name\":\"Boeuf aux Oignons \u00e9minc\u00e9s + Riz - Nah Sushi\",\"isPartOf\":{\"@id\":\"http:\\\/\\\/nahsushi.fr\\\/restos2\\\/#website\"},\"primaryImageOfPage\":{\"@id\":\"https:\\\/\\\/nahsushi.fr\\\/restos2\\\/produit\\\/boeuf-aux-oignons-emince-riz\\\/#primaryimage\"},\"image\":{\"@id\":\"https:\\\/\\\/nahsushi.fr\\\/restos2\\\/produit\\\/boeuf-aux-oignons-emince-riz\\\/#primaryimage\"},\"thumbnailUrl\":\"https:\\\/\\\/nahsushi.fr\\\/restos2\\\/wp-content\\\/uploads\\\/2022\\\/02\\\/Pla2-e1646092059310.png\",\"datePublished\":\"2021-12-20T02:16:15+00:00\",\"dateModified\":\"2023-06-15T13:27:30+00:00\",\"breadcrumb\":{\"@id\":\"https:\\\/\\\/nahsushi.fr\\\/restos2\\\/produit\\\/boeuf-aux-oignons-emince-riz\\\/#breadcrumb\"},\"inLanguage\":\"fr-FR\",\"potentialAction\":[{\"@type\":\"ReadAction\",\"target\":[\"https:\\\/\\\/nahsushi.fr\\\/restos2\\\/produit\\\/boeuf-aux-oignons-emince-riz\\\/\"]}]},{\"@type\":\"ImageObject\",\"inLanguage\":\"fr-FR\",\"@id\":\"https:\\\/\\\/nahsushi.fr\\\/restos2\\\/produit\\\/boeuf-aux-oignons-emince-riz\\\/#primaryimage\",\"url\":\"https:\\\/\\\/nahsushi.fr\\\/restos2\\\/wp-content\\\/uploads\\\/2022\\\/02\\\/Pla2-e1646092059310.png\",\"contentUrl\":\"https:\\\/\\\/nahsushi.fr\\\/restos2\\\/wp-content\\\/uploads\\\/2022\\\/02\\\/Pla2-e1646092059310.png\",\"width\":720,\"height\":720},{\"@type\":\"BreadcrumbList\",\"@id\":\"https:\\\/\\\/nahsushi.fr\\\/restos2\\\/produit\\\/boeuf-aux-oignons-emince-riz\\\/#breadcrumb\",\"itemListElement\":[{\"@type\":\"ListItem\",\"position\":1,\"name\":\"Accueil\",\"item\":\"http:\\\/\\\/nahsushi.fr\\\/restos2\\\/\"},{\"@type\":\"ListItem\",\"position\":2,\"name\":\"Boutique\",\"item\":\"http:\\\/\\\/nahsushi.fr\\\/restos2\\\/?page_id=175\"},{\"@type\":\"ListItem\",\"position\":3,\"name\":\"Boeuf aux Oignons \u00e9minc\u00e9s + Riz\"}]},{\"@type\":\"WebSite\",\"@id\":\"http:\\\/\\\/nahsushi.fr\\\/restos2\\\/#website\",\"url\":\"http:\\\/\\\/nahsushi.fr\\\/restos2\\\/\",\"name\":\"Nah Sushi\",\"description\":\"Des Sushis rapides en livraison et \u00e0 emporter dans \u00e0 Mantes la Ville\",\"publisher\":{\"@id\":\"http:\\\/\\\/nahsushi.fr\\\/restos2\\\/#organization\"},\"potentialAction\":[{\"@type\":\"SearchAction\",\"target\":{\"@type\":\"EntryPoint\",\"urlTemplate\":\"http:\\\/\\\/nahsushi.fr\\\/restos2\\\/?s={search_term_string}\"},\"query-input\":{\"@type\":\"PropertyValueSpecification\",\"valueRequired\":true,\"valueName\":\"search_term_string\"}}],\"inLanguage\":\"fr-FR\"},{\"@type\":\"Organization\",\"@id\":\"http:\\\/\\\/nahsushi.fr\\\/restos2\\\/#organization\",\"name\":\"Nah Sushi\",\"url\":\"http:\\\/\\\/nahsushi.fr\\\/restos2\\\/\",\"logo\":{\"@type\":\"ImageObject\",\"inLanguage\":\"fr-FR\",\"@id\":\"http:\\\/\\\/nahsushi.fr\\\/restos2\\\/#\\\/schema\\\/logo\\\/image\\\/\",\"url\":\"https:\\\/\\\/nahsushi.fr\\\/restos2\\\/wp-content\\\/uploads\\\/2021\\\/12\\\/logo-nah-sushi-Bl-150.png\",\"contentUrl\":\"https:\\\/\\\/nahsushi.fr\\\/restos2\\\/wp-content\\\/uploads\\\/2021\\\/12\\\/logo-nah-sushi-Bl-150.png\",\"width\":150,\"height\":34,\"caption\":\"Nah Sushi\"},\"image\":{\"@id\":\"http:\\\/\\\/nahsushi.fr\\\/restos2\\\/#\\\/schema\\\/logo\\\/image\\\/\"}}]}<\/script>\n<!-- \/ Yoast SEO plugin. -->","yoast_head_json":{"title":"Boeuf aux Oignons \u00e9minc\u00e9s + Riz - Nah Sushi","robots":{"index":"index","follow":"follow","max-snippet":"max-snippet:-1","max-image-preview":"max-image-preview:large","max-video-preview":"max-video-preview:-1"},"canonical":"https:\/\/nahsushi.fr\/restos2\/produit\/boeuf-aux-oignons-emince-riz\/","og_locale":"fr_FR","og_type":"article","og_title":"Boeuf aux Oignons \u00e9minc\u00e9s + Riz - Nah Sushi","og_description":"Boeuf aux Oignons Eminc\u00e9 + Riz","og_url":"https:\/\/nahsushi.fr\/restos2\/produit\/boeuf-aux-oignons-emince-riz\/","og_site_name":"Nah Sushi","article_modified_time":"2023-06-15T13:27:30+00:00","og_image":[{"width":720,"height":720,"url":"https:\/\/nahsushi.fr\/restos2\/wp-content\/uploads\/2022\/02\/Pla2-e1646092059310.png","type":"image\/png"}],"twitter_card":"summary_large_image","schema":{"@context":"https:\/\/schema.org","@graph":[{"@type":"WebPage","@id":"https:\/\/nahsushi.fr\/restos2\/produit\/boeuf-aux-oignons-emince-riz\/","url":"https:\/\/nahsushi.fr\/restos2\/produit\/boeuf-aux-oignons-emince-riz\/","name":"Boeuf aux Oignons \u00e9minc\u00e9s + Riz - Nah Sushi","isPartOf":{"@id":"http:\/\/nahsushi.fr\/restos2\/#website"},"primaryImageOfPage":{"@id":"https:\/\/nahsushi.fr\/restos2\/produit\/boeuf-aux-oignons-emince-riz\/#primaryimage"},"image":{"@id":"https:\/\/nahsushi.fr\/restos2\/produit\/boeuf-aux-oignons-emince-riz\/#primaryimage"},"thumbnailUrl":"https:\/\/nahsushi.fr\/restos2\/wp-content\/uploads\/2022\/02\/Pla2-e1646092059310.png","datePublished":"2021-12-20T02:16:15+00:00","dateModified":"2023-06-15T13:27:30+00:00","breadcrumb":{"@id":"https:\/\/nahsushi.fr\/restos2\/produit\/boeuf-aux-oignons-emince-riz\/#breadcrumb"},"inLanguage":"fr-FR","potentialAction":[{"@type":"ReadAction","target":["https:\/\/nahsushi.fr\/restos2\/produit\/boeuf-aux-oignons-emince-riz\/"]}]},{"@type":"ImageObject","inLanguage":"fr-FR","@id":"https:\/\/nahsushi.fr\/restos2\/produit\/boeuf-aux-oignons-emince-riz\/#primaryimage","url":"https:\/\/nahsushi.fr\/restos2\/wp-content\/uploads\/2022\/02\/Pla2-e1646092059310.png","contentUrl":"https:\/\/nahsushi.fr\/restos2\/wp-content\/uploads\/2022\/02\/Pla2-e1646092059310.png","width":720,"height":720},{"@type":"BreadcrumbList","@id":"https:\/\/nahsushi.fr\/restos2\/produit\/boeuf-aux-oignons-emince-riz\/#breadcrumb","itemListElement":[{"@type":"ListItem","position":1,"name":"Accueil","item":"http:\/\/nahsushi.fr\/restos2\/"},{"@type":"ListItem","position":2,"name":"Boutique","item":"http:\/\/nahsushi.fr\/restos2\/?page_id=175"},{"@type":"ListItem","position":3,"name":"Boeuf aux Oignons \u00e9minc\u00e9s + Riz"}]},{"@type":"WebSite","@id":"http:\/\/nahsushi.fr\/restos2\/#website","url":"http:\/\/nahsushi.fr\/restos2\/","name":"Nah Sushi","description":"Des Sushis rapides en livraison et \u00e0 emporter dans \u00e0 Mantes la Ville","publisher":{"@id":"http:\/\/nahsushi.fr\/restos2\/#organization"},"potentialAction":[{"@type":"SearchAction","target":{"@type":"EntryPoint","urlTemplate":"http:\/\/nahsushi.fr\/restos2\/?s={search_term_string}"},"query-input":{"@type":"PropertyValueSpecification","valueRequired":true,"valueName":"search_term_string"}}],"inLanguage":"fr-FR"},{"@type":"Organization","@id":"http:\/\/nahsushi.fr\/restos2\/#organization","name":"Nah Sushi","url":"http:\/\/nahsushi.fr\/restos2\/","logo":{"@type":"ImageObject","inLanguage":"fr-FR","@id":"http:\/\/nahsushi.fr\/restos2\/#\/schema\/logo\/image\/","url":"https:\/\/nahsushi.fr\/restos2\/wp-content\/uploads\/2021\/12\/logo-nah-sushi-Bl-150.png","contentUrl":"https:\/\/nahsushi.fr\/restos2\/wp-content\/uploads\/2021\/12\/logo-nah-sushi-Bl-150.png","width":150,"height":34,"caption":"Nah Sushi"},"image":{"@id":"http:\/\/nahsushi.fr\/restos2\/#\/schema\/logo\/image\/"}}]}},"_links":{"self":[{"href":"https:\/\/nahsushi.fr\/restos2\/wp-json\/wp\/v2\/product\/455","targetHints":{"allow":["GET"]}}],"collection":[{"href":"https:\/\/nahsushi.fr\/restos2\/wp-json\/wp\/v2\/product"}],"about":[{"href":"https:\/\/nahsushi.fr\/restos2\/wp-json\/wp\/v2\/types\/product"}],"version-history":[{"count":1,"href":"https:\/\/nahsushi.fr\/restos2\/wp-json\/wp\/v2\/product\/455\/revisions"}],"predecessor-version":[{"id":1337,"href":"https:\/\/nahsushi.fr\/restos2\/wp-json\/wp\/v2\/product\/455\/revisions\/1337"}],"wp:featuredmedia":[{"embeddable":true,"href":"https:\/\/nahsushi.fr\/restos2\/wp-json\/wp\/v2\/media\/858"}],"wp:attachment":[{"href":"https:\/\/nahsushi.fr\/restos2\/wp-json\/wp\/v2\/media?parent=455"}],"wp:term":[{"taxonomy":"product_brand","embeddable":true,"href":"https:\/\/nahsushi.fr\/restos2\/wp-json\/wp\/v2\/product_brand?post=455"},{"taxonomy":"product_cat","embeddable":true,"href":"https:\/\/nahsushi.fr\/restos2\/wp-json\/wp\/v2\/product_cat?post=455"},{"taxonomy":"product_tag","embeddable":true,"href":"https:\/\/nahsushi.fr\/restos2\/wp-json\/wp\/v2\/product_tag?post=455"}],"curies":[{"name":"wp","href":"https:\/\/api.w.org\/{rel}","templated":true}]}}